{"id":2012,"date":"2024-06-17T15:07:30","date_gmt":"2024-06-17T13:07:30","guid":{"rendered":"http:\/\/consulting-kus.de\/de\/?page_id=2012"},"modified":"2025-04-10T17:59:06","modified_gmt":"2025-04-10T15:59:06","slug":"impressum","status":"publish","type":"page","link":"http:\/\/www.consulting-kus.de\/de\/impressum\/","title":{"rendered":"Impressum"},"content":{"rendered":"\n<h3 class=\"wp-block-heading\">K &amp; S Consulting GmbH<\/h3>\n\n\n\n<p>Thaerstra\u00dfe 28<br>D \u2013 35392 Gie\u00dfen<\/p>\n\n\n\n<p>E-Mail: <a href=\"mailto: info@consulting-kus.de\">info[at]consulting-kus.de<\/a><\/p>\n\n\n\n<h4 class=\"wp-block-heading\">Gesch\u00e4ftsf\u00fchrer<\/h4>\n\n\n\n<p>Niklas K\u00f6hler<\/p>\n\n\n\n<h4 class=\"wp-block-heading\">Registergericht<\/h4>\n\n\n\n<p>Amtsgericht Gie\u00dfen<\/p>\n\n\n\n<h4 class=\"wp-block-heading\">Registernummer<\/h4>\n\n\n\n<p>HRB 1166<\/p>\n\n\n\n<h4 class=\"wp-block-heading\">Umsatzsteuer- Identifikationsnummer<\/h4>\n\n\n\n<p>DE 367052925<\/p>\n\n\n\n<p><\/p>\n\n\n\n<h4 class=\"wp-block-heading\">Haftungshinweise<\/h4>\n\n\n\n<h5 class=\"wp-block-heading\">Inhalt des Onlineangebotes<\/h5>\n\n\n\n<p>Die K &amp; S Consulting GmbH ist sehr darum bem\u00fcht, nur vollst\u00e4ndige und richtige Informationen auf ihrer Website zu ver\u00f6ffentlichen. Wir \u00fcbernehmen jedoch keinerlei Gew\u00e4hr f\u00fcr die Aktualit\u00e4t, Vollst\u00e4ndigkeit, Qualit\u00e4t oder Richtigkeit der bereitgestellten Informationen. Die Nutzung der Informationen liegt im alleinigen Verantwortungsbereich des Nutzers. Die K &amp; S Consulting GmbH beh\u00e4lt es sich ausdr\u00fccklich vor, Teile der Seiten oder das gesamte Angebot ohne gesonderte Ank\u00fcndigung zu ver\u00e4ndern, zu erg\u00e4nzen, zu l\u00f6schen oder die Ver\u00f6ffentlichung zeitweise oder endg\u00fcltig einzustellen.<\/p>\n\n\n\n<h5 class=\"wp-block-heading\">Urheber- und Kennzeichenrecht<\/h5>\n\n\n\n<p>Die durch die K &amp; S Consulting GmbH erstellten Objekte und Inhalte auf dieser Internetseite unterliegen dem deutschen Urheberrecht. Die private oder kommerzielle Verwendung, insbesondere die Ver\u00f6ffentlichung, Speicherung in Datenbanken sowie jede Form von gewerblicher Nutzung ist ohne Zustimmung der Rechteinhaberin untersagt. Soweit die Inhalte von anderen Autoren erstellt wurden, werden die Urheberrechte dieser beachtet.<\/p>\n\n\n\n<h5 class=\"wp-block-heading\">Verweise und Links<\/h5>\n\n\n\n<p>Bei direkten oder indirekten Verweisen auf externe Internetseiten Dritter (\u201eLinks\u201c) ist stets der jeweilige Anbieter oder Betreiber der Seiten verantwortlich. Vor der Ver\u00f6ffentlichung dieser Links wurden die fremden Sites auf rechtswidrige Inhalte \u00fcberpr\u00fcft. Auf die aktuelle und zuk\u00fcnftige Gestaltung und die Inhalte dieser verlinkten Seiten hat die K &amp; S Consulting GmbH keinerlei Einfluss und \u00fcbernimmt keinerlei Haftung f\u00fcr die Inhalte der Sites, auf die verwiesen wird. Bei Bekanntwerden von Rechtsverletzungen wird der entsprechende Link umgehend entfernt.<\/p>\n\n\n\n<h4 class=\"wp-block-heading\">Disclaimer<\/h4>\n\n\n\n<h5 class=\"wp-block-heading\">Haftung f\u00fcr Inhalte<\/h5>\n\n\n\n<p>Die Inhalte unserer Seiten wurden mit gr\u00f6\u00dfter Sorgfalt erstellt. F\u00fcr die Richtigkeit, Vollst\u00e4ndigkeit und Aktualit\u00e4t der Inhalte k\u00f6nnen wir jedoch keine Gew\u00e4hr \u00fcbernehmen. Als Diensteanbieter sind wir gem\u00e4\u00df \u00a7 7 Abs.1 TMG f\u00fcr eigene Inhalte auf diesen Seiten nach den allgemeinen Gesetzen verantwortlich. Nach \u00a7\u00a7 8 bis 10 TMG sind wir als Diensteanbieter jedoch nicht verpflichtet, \u00fcbermittelte oder gespeicherte fremde Informationen zu \u00fcberwachen oder nach Umst\u00e4nden zu forschen, die auf eine rechtswidrige T\u00e4tigkeit hinweisen. Verpflichtungen zur Entfernung oder Sperrung der Nutzung von Informationen nach den allgemeinen Gesetzen bleiben hiervon unber\u00fchrt. Eine diesbez\u00fcgliche Haftung ist jedoch erst ab dem Zeitpunkt der Kenntnis einer konkreten Rechtsverletzung m\u00f6glich. Bei Bekanntwerden von entsprechenden Rechtsverletzungen werden wir diese Inhalte umgehend entfernen.<\/p>\n\n\n\n<h5 class=\"wp-block-heading\">Haftung f\u00fcr Links<\/h5>\n\n\n\n<p>Unser Angebot enth\u00e4lt Links zu externen Webseiten Dritter, auf deren Inhalte wir keinen Einfluss haben. Deshalb k\u00f6nnen wir f\u00fcr diese fremden Inhalte auch keine Gew\u00e4hr \u00fcbernehmen. F\u00fcr die Inhalte der verlinkten Seiten ist stets der jeweilige Anbieter oder Betreiber der Seiten verantwortlich. Die verlinkten Seiten wurden zum Zeitpunkt der Verlinkung auf m\u00f6gliche Rechtsverst\u00f6\u00dfe \u00fcberpr\u00fcft. Rechtswidrige Inhalte waren zum Zeitpunkt der Verlinkung nicht erkennbar. Eine permanente inhaltliche Kontrolle der verlinkten Seiten ist jedoch ohne konkrete Anhaltspunkte einer Rechtsverletzung nicht zumutbar. Bei Bekanntwerden von Rechtsverletzungen werden wir derartige Links umgehend entfernen.<\/p>\n\n\n\n<h5 class=\"wp-block-heading\">Urheberrecht<\/h5>\n\n\n\n<p>Die durch die Seitenbetreiber erstellten Inhalte und Werke auf diesen Seiten unterliegen dem deutschen Urheberrecht. Die Vervielf\u00e4ltigung, Bearbeitung, Verbreitung und jede Art der Verwertung au\u00dferhalb der Grenzen des Urheberrechtes bed\u00fcrfen der schriftlichen Zustimmung des jeweiligen Autors bzw. Erstellers. Downloads und Kopien dieser Seite sind nur f\u00fcr den privaten, nicht kommerziellen Gebrauch gestattet. Soweit die Inhalte auf dieser Seite nicht vom Betreiber erstellt wurden, werden die Urheberrechte Dritter beachtet. Insbesondere werden Inhalte Dritter als solche gekennzeichnet. Sollten Sie trotzdem auf eine Urheberrechtsverletzung aufmerksam werden, bitten wir um einen entsprechenden Hinweis. Bei Bekanntwerden von Rechtsverletzungen werden wir derartige Inhalte umgehend entfernen.<\/p>\n\n\n\n<h5 class=\"wp-block-heading\">Datenschutz<\/h5>\n\n\n\n<p>Ausf\u00fchrliche Informationen zum Datenschutz finden Sie unter dem Men\u00fcpunkt <a href=\"http:\/\/consulting-kus.de\/de\/datenschutzerklaerung\/\" data-type=\"page\" data-id=\"3\">Datenschutzerkl\u00e4rung<\/a>.<\/p>\n","protected":false},"excerpt":{"rendered":"<p>K &amp; S Consulting GmbH Thaerstra\u00dfe 28D \u2013 35392 Gie\u00dfen E-Mail: info[at]consulting-kus.de Gesch\u00e4ftsf\u00fchrer Niklas K\u00f6hler Registergericht Amtsgericht Gie\u00dfen Registernummer HRB 1166 Umsatzsteuer- Identifikationsnummer DE 367052925 Haftungshinweise Inhalt des Onlineangebotes Die K &amp; S Consulting GmbH ist sehr darum bem\u00fcht, nur vollst\u00e4ndige und richtige Informationen auf ihrer Website zu ver\u00f6ffentlichen. Wir \u00fcbernehmen jedoch keinerlei Gew\u00e4hr f\u00fcr [&hellip;]<\/p>\n","protected":false},"author":1,"featured_media":0,"parent":0,"menu_order":0,"comment_status":"closed","ping_status":"closed","template":"","meta":{"footnotes":""},"class_list":["post-2012","page","type-page","status-publish","hentry"],"blocksy_meta":[],"_links":{"self":[{"href":"http:\/\/www.consulting-kus.de\/de\/wp-json\/wp\/v2\/pages\/2012","targetHints":{"allow":["GET"]}}],"collection":[{"href":"http:\/\/www.consulting-kus.de\/de\/wp-json\/wp\/v2\/pages"}],"about":[{"href":"http:\/\/www.consulting-kus.de\/de\/wp-json\/wp\/v2\/types\/page"}],"author":[{"embeddable":true,"href":"http:\/\/www.consulting-kus.de\/de\/wp-json\/wp\/v2\/users\/1"}],"replies":[{"embeddable":true,"href":"http:\/\/www.consulting-kus.de\/de\/wp-json\/wp\/v2\/comments?post=2012"}],"version-history":[{"count":1,"href":"http:\/\/www.consulting-kus.de\/de\/wp-json\/wp\/v2\/pages\/2012\/revisions"}],"predecessor-version":[{"id":2063,"href":"http:\/\/www.consulting-kus.de\/de\/wp-json\/wp\/v2\/pages\/2012\/revisions\/2063"}],"wp:attachment":[{"href":"http:\/\/www.consulting-kus.de\/de\/wp-json\/wp\/v2\/media?parent=2012"}],"curies":[{"name":"wp","href":"https:\/\/api.w.org\/{rel}","templated":true}]}}