{"id":1548,"date":"2024-06-02T17:08:31","date_gmt":"2024-06-02T15:08:31","guid":{"rendered":"http:\/\/consulting-kus.de\/de\/?page_id=1548"},"modified":"2024-06-17T10:39:54","modified_gmt":"2024-06-17T08:39:54","slug":"career","status":"publish","type":"page","link":"https:\/\/www.consulting-kus.de\/en\/career\/","title":{"rendered":"Career"},"content":{"rendered":"<div data-elementor-type=\"wp-page\" data-elementor-id=\"1548\" class=\"elementor elementor-1548\">\n\t\t\t\t<div class=\"elementor-element elementor-element-41f19d1 e-flex e-con-boxed e-con e-parent\" data-id=\"41f19d1\" data-element_type=\"container\">\n\t\t\t\t\t<div class=\"e-con-inner\">\n\t\t\t\t<div class=\"elementor-element elementor-element-360e403 elementor-widget elementor-widget-image-box\" data-id=\"360e403\" data-element_type=\"widget\" data-widget_type=\"image-box.default\">\n\t\t\t\t<div class=\"elementor-widget-container\">\n\t\t\t\t\t<div class=\"elementor-image-box-wrapper\"><div class=\"elementor-image-box-content\"><h3 class=\"elementor-image-box-title\">Apply now!<\/h3><p class=\"elementor-image-box-description\">Wir suchen Mitarbeiterinnen und Mitarbeiter!<br>Job advertisements and other information about your possible career with us can be found in the following chronologically sorted articles!<br><br>Send your application directly via the relevant application form or by email to <a href=\"mailto: info@consulting-kus.de\">info[at]consulting-kus.de<\/a> !<\/p><\/div><\/div>\t\t\t\t<\/div>\n\t\t\t\t<\/div>\n\t\t\t\t\t<\/div>\n\t\t\t\t<\/div>\n\t\t<div class=\"elementor-element elementor-element-81e4abf e-flex e-con-boxed e-con e-parent\" data-id=\"81e4abf\" data-element_type=\"container\">\n\t\t\t\t\t<div class=\"e-con-inner\">\n\t\t\t\t<div class=\"elementor-element elementor-element-ff61da3 elementor-widget-divider--view-line elementor-widget elementor-widget-divider\" data-id=\"ff61da3\" data-element_type=\"widget\" data-widget_type=\"divider.default\">\n\t\t\t\t<div class=\"elementor-widget-container\">\n\t\t\t\t\t\t\t<div class=\"elementor-divider\">\n\t\t\t<span class=\"elementor-divider-separator\">\n\t\t\t\t\t\t<\/span>\n\t\t<\/div>\n\t\t\t\t\t\t<\/div>\n\t\t\t\t<\/div>\n\t\t\t\t<div class=\"elementor-element elementor-element-307d626 elementor-widget elementor-widget-eael-post-timeline\" data-id=\"307d626\" data-element_type=\"widget\" data-widget_type=\"eael-post-timeline.default\">\n\t\t\t\t<div class=\"elementor-widget-container\">\n\t\t\t\t\t<div id=\"eael-post-timeline-307d626\" class=\"eael-post-timeline timeline-layout-card eael-post-timeline-arrow-middle\">\n            <div class=\"eael-post-timeline eael-post-appender eael-post-appender-307d626\"><article class=\"eael-timeline-post\">\n    <div class=\"eael-timeline-bullet\"><\/div>\n    <div class=\"eael-timeline-post-inner\">\n        <a class=\"eael-timeline-post-link\" href=\"https:\/\/www.consulting-kus.de\/en\/hochschulpraktikum-w-m-d-regulatory-quality\/\" title=\"Hochschulpraktikum (w\/m\/d) Regulatory\/Quality\">\n            <time datetime=\"16. June 2024\">16. June 2024<\/time>\n            <div class=\"eael-timeline-post-image\" style=\"background-image: url(https:\/\/www.consulting-kus.de\/wp-content\/uploads\/2024\/06\/AdobeStock_302491613-1024x341.jpeg)\"><\/div><div class=\"eael-timeline-content\"><div class=\"eael-timeline-post-title\">\n\t\t                    <h3 class=\"eael-timeline-post-title-text\">Hochschulpraktikum (w\/m\/d) Regulatory\/Quality<\/h3>\n\t\t                <\/div><div class=\"eael-timeline-post-excerpt\"><p>Die K &amp; S Consulting GmbH hat sich auf die ...<\/p><\/div><\/div><\/a>\n    <\/div>\n    <div class=\"eael-timeline-clear\"><\/div>\n<\/article><article class=\"eael-timeline-post\">\n    <div class=\"eael-timeline-bullet\"><\/div>\n    <div class=\"eael-timeline-post-inner\">\n        <a class=\"eael-timeline-post-link\" href=\"https:\/\/www.consulting-kus.de\/en\/abschlussarbeit-w-m-d-regulatory-quality\/\" title=\"Abschlussarbeit (w\/m\/d) Regulatory\/Quality\">\n            <time datetime=\"16. June 2024\">16. June 2024<\/time>\n            <div class=\"eael-timeline-post-image\" style=\"background-image: url(https:\/\/www.consulting-kus.de\/wp-content\/uploads\/2024\/06\/AdobeStock_335516065-1024x400.jpeg)\"><\/div><div class=\"eael-timeline-content\"><div class=\"eael-timeline-post-title\">\n\t\t                    <h3 class=\"eael-timeline-post-title-text\">Abschlussarbeit (w\/m\/d) Regulatory\/Quality<\/h3>\n\t\t                <\/div><div class=\"eael-timeline-post-excerpt\"><p>Die K &amp; S Consulting GmbH hat sich auf die ...<\/p><\/div><\/div><\/a>\n    <\/div>\n    <div class=\"eael-timeline-clear\"><\/div>\n<\/article><\/div>\n\t\t<\/div>\t\t\t\t<\/div>\n\t\t\t\t<\/div>\n\t\t\t\t\t<\/div>\n\t\t\t\t<\/div>\n\t\t\t\t<\/div>","protected":false},"excerpt":{"rendered":"<p>Bewerben Sie sich jetzt! Wir suchen Mitarbeiterinnen und Mitarbeiter!Stellenausschreibungen und sonstige Informationen rund um Ihre m\u00f6gliche Karriere bei uns, finden Sie in den nachfolgenden chronologisch sortierten Beitr\u00e4gen! Schicken Sie Ihre Bewerbung direkt \u00fcber das jeweilige Bewerbungsformular oder per Email an info[at]consulting-kus.de ! 16. Juni 2024 Hochschulpraktikum (w\/m\/d) Regulatory\/Quality Die K &amp; S Consulting GmbH hat [&hellip;]<\/p>","protected":false},"author":1,"featured_media":0,"parent":0,"menu_order":0,"comment_status":"closed","ping_status":"closed","template":"","meta":{"footnotes":""},"class_list":["post-1548","page","type-page","status-publish","hentry"],"blocksy_meta":[],"_links":{"self":[{"href":"https:\/\/www.consulting-kus.de\/en\/wp-json\/wp\/v2\/pages\/1548","targetHints":{"allow":["GET"]}}],"collection":[{"href":"https:\/\/www.consulting-kus.de\/en\/wp-json\/wp\/v2\/pages"}],"about":[{"href":"https:\/\/www.consulting-kus.de\/en\/wp-json\/wp\/v2\/types\/page"}],"author":[{"embeddable":true,"href":"https:\/\/www.consulting-kus.de\/en\/wp-json\/wp\/v2\/users\/1"}],"replies":[{"embeddable":true,"href":"https:\/\/www.consulting-kus.de\/en\/wp-json\/wp\/v2\/comments?post=1548"}],"version-history":[{"count":0,"href":"https:\/\/www.consulting-kus.de\/en\/wp-json\/wp\/v2\/pages\/1548\/revisions"}],"wp:attachment":[{"href":"https:\/\/www.consulting-kus.de\/en\/wp-json\/wp\/v2\/media?parent=1548"}],"curies":[{"name":"wp","href":"https:\/\/api.w.org\/{rel}","templated":true}]}}